{"id":8233,"date":"2025-03-25T08:29:10","date_gmt":"2025-03-25T08:29:10","guid":{"rendered":"https:\/\/opera.krescendo.it\/?post_type=product&#038;p=8233"},"modified":"2025-10-02T13:28:11","modified_gmt":"2025-10-02T13:28:11","slug":"art-27900-27908-cerrojo-solenoide-de-seguridad-para-puerta-simple","status":"publish","type":"product","link":"https:\/\/www.opera-access.it\/es\/product\/art-27900-27908-cerrojo-solenoide-de-seguridad-para-puerta-simple\/","title":{"rendered":"Art. 27900 \/ 27908 \u2013 Pasador de seguridad horizontal con solenoide de resorte para puerta simple \u2013 Cerrado en ausencia de corriente"},"content":{"rendered":"<p>Cerrojo electromagn\u00e9tico con placa de cierre y placa de inducido de acero inoxidable y pestillo de acero endurecido no reversible [<strong>27900.1 \/ 27900.2 \/ 27908.1 \/ 27908.2<\/strong>].<\/p>","protected":false},"excerpt":{"rendered":"<p>Cerrojo electromagn\u00e9tico de seguridad para uso intensivo y continuo, con inserci\u00f3n en la hoja, para puertas de aluminio o acero en configuraci\u00f3n simple (bloques de pisos, oficinas, empresas...) pero con previsi\u00f3n de conexi\u00f3n de enclavamiento (bancos, joyer\u00edas, instituciones...), combinable con interfonos y sistemas de control de acceso. Placa de cierre y contraplaca de acero inoxidable y picaporte de acero endurecido, anticorte y antirrobo, no reversible (indicar mano de apertura). Cierre sin alimentaci\u00f3n. Equipado con electr\u00f3nica de control por microprocesador interno y conector de conexi\u00f3n r\u00e1pida, apertura mec\u00e1nica con cilindro europeo o manilla y reconexi\u00f3n autom\u00e1tica con temporizaci\u00f3n ajustable (temporizaci\u00f3n desconectable para el uso de la cerradura electromagn\u00e9tica con electr\u00f3nica de control externa).<\/p>\n<p>Nota: el cilindro con forma de perfil europeo puede adquirirse por separado.<\/p>","protected":false},"featured_media":8242,"template":"","meta":{"_acf_changed":false,"inline_featured_image":false},"product_cat":[67,28],"product_tag":[],"class_list":{"0":"post-8233","1":"product","2":"type-product","3":"status-publish","4":"has-post-thumbnail","6":"product_cat-classica","7":"product_cat-serie-classica","9":"first","10":"instock","11":"featured","12":"shipping-taxable","13":"purchasable","14":"product-type-variable"},"acf":[],"aioseo_notices":[],"_links":{"self":[{"href":"https:\/\/www.opera-access.it\/es\/wp-json\/wp\/v2\/product\/8233","targetHints":{"allow":["GET"]}}],"collection":[{"href":"https:\/\/www.opera-access.it\/es\/wp-json\/wp\/v2\/product"}],"about":[{"href":"https:\/\/www.opera-access.it\/es\/wp-json\/wp\/v2\/types\/product"}],"wp:featuredmedia":[{"embeddable":true,"href":"https:\/\/www.opera-access.it\/es\/wp-json\/wp\/v2\/media\/8242"}],"wp:attachment":[{"href":"https:\/\/www.opera-access.it\/es\/wp-json\/wp\/v2\/media?parent=8233"}],"wp:term":[{"taxonomy":"product_cat","embeddable":true,"href":"https:\/\/www.opera-access.it\/es\/wp-json\/wp\/v2\/product_cat?post=8233"},{"taxonomy":"product_tag","embeddable":true,"href":"https:\/\/www.opera-access.it\/es\/wp-json\/wp\/v2\/product_tag?post=8233"}],"curies":[{"name":"wp","href":"https:\/\/api.w.org\/{rel}","templated":true}]}}