{"id":8209,"date":"2025-03-25T07:51:49","date_gmt":"2025-03-25T07:51:49","guid":{"rendered":"https:\/\/opera.krescendo.it\/?post_type=product&#038;p=8209"},"modified":"2025-10-02T13:57:10","modified_gmt":"2025-10-02T13:57:10","slug":"art-op54036-op54038-cerrojo-solenoide-de-seguridad-para-puerta-simple","status":"publish","type":"product","link":"https:\/\/www.opera-access.it\/es\/product\/art-op54036-op54038-cerrojo-solenoide-de-seguridad-para-puerta-simple\/","title":{"rendered":"Art. OP54036 \/ OP54038 \u2013 Pasador de seguridad horizontal con solenoide para puerta simple \u2013 Abierto \/ Cerrado en ausencia de corriente \u2013 Repuesto Corni"},"content":{"rendered":"<p>Cerrojo magn\u00e9tico con placa de cierre y placa de armadura de acero inoxidable y cerrojo giratorio anticorte de acero templado [<strong>OP54036 \/ OP54038<\/strong>].<\/p>","protected":false},"excerpt":{"rendered":"<p>Cerrojo magn\u00e9tico de seguridad para uso intensivo y continuado, con inserci\u00f3n en la hoja, para puertas de aluminio o acero en configuraci\u00f3n simple (bloques de pisos, oficinas, empresas...) pero con previsi\u00f3n de conexi\u00f3n de enclavamiento (bancos, joyer\u00edas, instituciones...), combinable con interfonos y sistemas de control de acceso. Frente y contraplaca de acero inoxidable (con contraplaca equipada con im\u00e1n de alineaci\u00f3n) y cerradura giratoria de acero templado anticorte y antirrobo, con bloqueo mec\u00e1nico en posici\u00f3n cerrada. Est\u00e1 equipada con electr\u00f3nica de control interna por microprocesador y conector de conexi\u00f3n r\u00e1pida, apertura mec\u00e1nica con cilindro europeo o manilla y reconexi\u00f3n autom\u00e1tica con temporizaci\u00f3n ajustable (la temporizaci\u00f3n puede desconectarse para utilizar el cerrojo electromagn\u00e9tico con electr\u00f3nica de control externa).<\/p>\n<p>Nota: el cilindro con forma de perfil europeo puede adquirirse por separado.<\/p>","protected":false},"featured_media":8216,"template":"","meta":{"_acf_changed":false,"inline_featured_image":false},"product_cat":[67,28],"product_tag":[],"class_list":{"0":"post-8209","1":"product","2":"type-product","3":"status-publish","4":"has-post-thumbnail","6":"product_cat-classica","7":"product_cat-serie-classica","9":"first","10":"instock","11":"featured","12":"shipping-taxable","13":"purchasable","14":"product-type-variable"},"acf":[],"aioseo_notices":[],"_links":{"self":[{"href":"https:\/\/www.opera-access.it\/es\/wp-json\/wp\/v2\/product\/8209","targetHints":{"allow":["GET"]}}],"collection":[{"href":"https:\/\/www.opera-access.it\/es\/wp-json\/wp\/v2\/product"}],"about":[{"href":"https:\/\/www.opera-access.it\/es\/wp-json\/wp\/v2\/types\/product"}],"wp:featuredmedia":[{"embeddable":true,"href":"https:\/\/www.opera-access.it\/es\/wp-json\/wp\/v2\/media\/8216"}],"wp:attachment":[{"href":"https:\/\/www.opera-access.it\/es\/wp-json\/wp\/v2\/media?parent=8209"}],"wp:term":[{"taxonomy":"product_cat","embeddable":true,"href":"https:\/\/www.opera-access.it\/es\/wp-json\/wp\/v2\/product_cat?post=8209"},{"taxonomy":"product_tag","embeddable":true,"href":"https:\/\/www.opera-access.it\/es\/wp-json\/wp\/v2\/product_tag?post=8209"}],"curies":[{"name":"wp","href":"https:\/\/api.w.org\/{rel}","templated":true}]}}