{"id":8164,"date":"2025-03-25T07:25:57","date_gmt":"2025-03-25T07:25:57","guid":{"rendered":"https:\/\/opera.krescendo.it\/?post_type=product&#038;p=8164"},"modified":"2025-10-02T13:12:52","modified_gmt":"2025-10-02T13:12:52","slug":"art-27600-27608-cerrojo-solenoide-de-seguridad-para-puerta-simple","status":"publish","type":"product","link":"https:\/\/www.opera-access.it\/es\/product\/art-27600-27608-cerrojo-solenoide-de-seguridad-para-puerta-simple\/","title":{"rendered":"Art. 27600 \/ 27608 \u2013 Pasador de seguridad horizontal con solenoide para puerta simple \u2013 Abierto en ausencia de corriente"},"content":{"rendered":"<p>Cerrojo magn\u00e9tico con placa de cierre y placa de armadura de acero inoxidable y cerrojo giratorio anticorte de acero templado [<strong>27600 \/ 27608<\/strong>].<\/p>","protected":false},"excerpt":{"rendered":"<p>Cerrojo magn\u00e9tico de seguridad para uso intensivo y continuado, con inserci\u00f3n en la hoja, para puertas de aluminio o acero en configuraci\u00f3n simple (bloques de pisos, oficinas, empresas...) pero con previsi\u00f3n de conexi\u00f3n de enclavamiento (bancos, joyer\u00edas, instituciones...), combinable con interfonos y sistemas de control de acceso. Frente y contraplaca de acero inoxidable (con contraplaca equipada con im\u00e1n de alineaci\u00f3n) y cerradura giratoria de acero templado anticorte y antirrobo, con bloqueo mec\u00e1nico en posici\u00f3n cerrada. Apertura en ausencia de alimentaci\u00f3n el\u00e9ctrica. Equipada con electr\u00f3nica de control interna por microprocesador y conector de conexi\u00f3n r\u00e1pida, apertura mec\u00e1nica con cilindro europeo o manilla y reconexi\u00f3n autom\u00e1tica con temporizaci\u00f3n ajustable (temporizaci\u00f3n desconectable para el uso del cerrojo electromagn\u00e9tico con electr\u00f3nica de control externa).<\/p>\n<p>Nota: el cilindro con forma de perfil europeo puede adquirirse por separado.<\/p>","protected":false},"featured_media":8131,"template":"","meta":{"_acf_changed":false,"inline_featured_image":false},"product_cat":[67,28],"product_tag":[],"class_list":{"0":"post-8164","1":"product","2":"type-product","3":"status-publish","4":"has-post-thumbnail","6":"product_cat-classica","7":"product_cat-serie-classica","9":"first","10":"instock","11":"featured","12":"shipping-taxable","13":"purchasable","14":"product-type-variable"},"acf":[],"aioseo_notices":[],"_links":{"self":[{"href":"https:\/\/www.opera-access.it\/es\/wp-json\/wp\/v2\/product\/8164","targetHints":{"allow":["GET"]}}],"collection":[{"href":"https:\/\/www.opera-access.it\/es\/wp-json\/wp\/v2\/product"}],"about":[{"href":"https:\/\/www.opera-access.it\/es\/wp-json\/wp\/v2\/types\/product"}],"wp:featuredmedia":[{"embeddable":true,"href":"https:\/\/www.opera-access.it\/es\/wp-json\/wp\/v2\/media\/8131"}],"wp:attachment":[{"href":"https:\/\/www.opera-access.it\/es\/wp-json\/wp\/v2\/media?parent=8164"}],"wp:term":[{"taxonomy":"product_cat","embeddable":true,"href":"https:\/\/www.opera-access.it\/es\/wp-json\/wp\/v2\/product_cat?post=8164"},{"taxonomy":"product_tag","embeddable":true,"href":"https:\/\/www.opera-access.it\/es\/wp-json\/wp\/v2\/product_tag?post=8164"}],"curies":[{"name":"wp","href":"https:\/\/api.w.org\/{rel}","templated":true}]}}