{"id":5636,"date":"2025-03-14T10:07:46","date_gmt":"2025-03-14T10:07:46","guid":{"rendered":"https:\/\/opera.krescendo.it\/?post_type=product&#038;p=5636"},"modified":"2025-09-26T14:33:58","modified_gmt":"2025-09-26T14:33:58","slug":"art-34600-34608-perno-solenoide-de-seguridad-para-enclavamiento","status":"publish","type":"product","link":"https:\/\/www.opera-access.it\/es\/product\/art-34600-34608-perno-solenoide-de-seguridad-para-enclavamiento\/","title":{"rendered":"Art. 24600 \/ 24608 - Cerrojo magn\u00e9tico de seguridad para enclavamiento - FAIL SAFE"},"content":{"rendered":"<p>Cerrojo magn\u00e9tico con placa de cierre y placa de armadura de acero inoxidable y cerrojo giratorio anticorte de acero templado [<strong>24600 \/ 24608<\/strong>].<\/p>","protected":false},"excerpt":{"rendered":"<p>Cerrojo electromagn\u00e9tico de seguridad para uso intensivo y continuo, con posibilidad de inserci\u00f3n en el marco o en la hoja, para puertas de aluminio o acero en configuraci\u00f3n simple (bloques de pisos, oficinas, empresas...) o entrelazada (bancos, joyer\u00edas, instituciones...), combinable con interfonos y sistemas de control de acceso. Frontal y contraplaca de acero inoxidable (con contraplaca equipada con im\u00e1n de alineaci\u00f3n) y cerrojo giratorio de acero templado, anticorte y antirrobo, con bloqueo mec\u00e1nico en posici\u00f3n cerrada. Apertura en ausencia de alimentaci\u00f3n el\u00e9ctrica. Equipada con electr\u00f3nica de control interna por microprocesador y conector de conexi\u00f3n r\u00e1pida, apertura mec\u00e1nica con cilindro europeo o manilla y reconexi\u00f3n autom\u00e1tica con temporizaci\u00f3n ajustable (temporizaci\u00f3n desconectable para el uso del cerrojo electromagn\u00e9tico con electr\u00f3nica de control externa).<\/p>\n<p>Nota: el cilindro con forma de perfil europeo puede adquirirse por separado.<\/p>","protected":false},"featured_media":5701,"template":"","meta":{"_acf_changed":false,"inline_featured_image":false},"product_cat":[121,27],"product_tag":[],"class_list":{"0":"post-5636","1":"product","2":"type-product","3":"status-publish","4":"has-post-thumbnail","6":"product_cat-prima","7":"product_cat-serie-prima","9":"first","10":"instock","11":"featured","12":"shipping-taxable","13":"purchasable","14":"product-type-variable"},"acf":[],"aioseo_notices":[],"_links":{"self":[{"href":"https:\/\/www.opera-access.it\/es\/wp-json\/wp\/v2\/product\/5636","targetHints":{"allow":["GET"]}}],"collection":[{"href":"https:\/\/www.opera-access.it\/es\/wp-json\/wp\/v2\/product"}],"about":[{"href":"https:\/\/www.opera-access.it\/es\/wp-json\/wp\/v2\/types\/product"}],"wp:featuredmedia":[{"embeddable":true,"href":"https:\/\/www.opera-access.it\/es\/wp-json\/wp\/v2\/media\/5701"}],"wp:attachment":[{"href":"https:\/\/www.opera-access.it\/es\/wp-json\/wp\/v2\/media?parent=5636"}],"wp:term":[{"taxonomy":"product_cat","embeddable":true,"href":"https:\/\/www.opera-access.it\/es\/wp-json\/wp\/v2\/product_cat?post=5636"},{"taxonomy":"product_tag","embeddable":true,"href":"https:\/\/www.opera-access.it\/es\/wp-json\/wp\/v2\/product_tag?post=5636"}],"curies":[{"name":"wp","href":"https:\/\/api.w.org\/{rel}","templated":true}]}}