{"id":5401,"date":"2025-03-10T09:00:03","date_gmt":"2025-03-10T09:00:03","guid":{"rendered":"https:\/\/opera.krescendo.it\/?post_type=product&#038;p=5401"},"modified":"2025-10-31T16:14:12","modified_gmt":"2025-10-31T16:14:12","slug":"art-23822-23824-cierre-deslizante-de-seguridad","status":"publish","type":"product","link":"https:\/\/www.opera-access.it\/es\/product\/art-23822-23824-cierre-deslizante-de-seguridad\/","title":{"rendered":"Art. 23822 \/ 23824 \/ Art. + FG \/ Art. + CF \/ Art. + CFL \u2013 Electrocerradura de seguridad para puertas correderas"},"content":{"rendered":"<p>Cerradura y contracerradura el\u00e9ctricas de acero inoxidable, con pasador de cierre de acero templado niquelado [<strong>23822 \/ 23824 \/ 23822FG \/ 23824FG<\/strong>].<\/p>","protected":false},"excerpt":{"rendered":"<p>Innovadora cerradura electromec\u00e1nica para puertas correderas de una y dos hojas, tambi\u00e9n motorizadas, y cancelas correderas, con inserci\u00f3n de pasador de cierre frontal. Totalmente de acero inoxidable, con alta resistencia antirrobo, es controlable el\u00e9ctricamente para el cierre controlado de cancelas correderas. Se bloquea en ausencia de alimentaci\u00f3n, con apertura limitada a la duraci\u00f3n del impulso con limitador de corriente y posibilidad de apertura mec\u00e1nica mediante cilindro europeo. La contracerradura est\u00e1 equipada con un pasador retr\u00e1ctil cuando la puerta est\u00e1 abierta y un sistema de desbloqueo del pasador cuando la puerta est\u00e1 cerrada. No requiere electr\u00f3nica de control y puede combinarse con interfonos y sistemas de control de acceso.<\/p>\n<p>Nota: el cilindro con forma de perfil europeo puede adquirirse por separado.<\/p>","protected":false},"featured_media":12253,"template":"","meta":{"_acf_changed":false,"inline_featured_image":false},"product_cat":[119,26],"product_tag":[],"class_list":{"0":"post-5401","1":"product","2":"type-product","3":"status-publish","4":"has-post-thumbnail","6":"product_cat-arca-slide","7":"product_cat-serie-arca","9":"first","10":"instock","11":"featured","12":"shipping-taxable","13":"purchasable","14":"product-type-variable"},"acf":[],"aioseo_notices":[],"_links":{"self":[{"href":"https:\/\/www.opera-access.it\/es\/wp-json\/wp\/v2\/product\/5401","targetHints":{"allow":["GET"]}}],"collection":[{"href":"https:\/\/www.opera-access.it\/es\/wp-json\/wp\/v2\/product"}],"about":[{"href":"https:\/\/www.opera-access.it\/es\/wp-json\/wp\/v2\/types\/product"}],"wp:featuredmedia":[{"embeddable":true,"href":"https:\/\/www.opera-access.it\/es\/wp-json\/wp\/v2\/media\/12253"}],"wp:attachment":[{"href":"https:\/\/www.opera-access.it\/es\/wp-json\/wp\/v2\/media?parent=5401"}],"wp:term":[{"taxonomy":"product_cat","embeddable":true,"href":"https:\/\/www.opera-access.it\/es\/wp-json\/wp\/v2\/product_cat?post=5401"},{"taxonomy":"product_tag","embeddable":true,"href":"https:\/\/www.opera-access.it\/es\/wp-json\/wp\/v2\/product_tag?post=5401"}],"curies":[{"name":"wp","href":"https:\/\/api.w.org\/{rel}","templated":true}]}}