{"id":5383,"date":"2025-03-07T15:24:34","date_gmt":"2025-03-07T15:24:34","guid":{"rendered":"https:\/\/opera.krescendo.it\/?post_type=product&#038;p=5383"},"modified":"2025-10-31T13:55:50","modified_gmt":"2025-10-31T13:55:50","slug":"art-22922s-22924s-cerradura-electrica-de-seguridad","status":"publish","type":"product","link":"https:\/\/www.opera-access.it\/es\/product\/art-22922s-22924s-cerradura-electrica-de-seguridad\/","title":{"rendered":"Art. 22922S \/ 22924S \/ Art. + F \u2013 Electrocerradura de seguridad"},"content":{"rendered":"<p>Electrobloque y contraplaca de acero inoxidable [<strong>22922S \/ 22924SF \/ 22922SF<\/strong>].<\/p>","protected":false},"excerpt":{"rendered":"<p>Cerradura de seguridad de acero inoxidable accionada electr\u00f3nicamente, ideal para cerrar compartimentos que contienen objetos de naturaleza sensible, como taquillas de gimnasios y piscinas, laboratorios, hospitales y oficinas. La reconexi\u00f3n mec\u00e1nica al cerrar la puerta garantiza el mecanismo de cierre incluso en caso de corte del suministro el\u00e9ctrico. El control electr\u00f3nico de apertura mediante contacto seco N.A. permite controlar el desbloqueo mediante sistemas de apertura a distancia (con posibilidad de se\u00f1alizaci\u00f3n del estado real de apertura o cierre), lectores RFID u otros sistemas de autenticaci\u00f3n ya instalados. Tambi\u00e9n est\u00e1 equipado con un tirador manual para el desbloqueo mec\u00e1nico de seguridad, que garantiza la posibilidad de apertura incluso en caso de corte del suministro el\u00e9ctrico. La apertura se limita a la duraci\u00f3n del impulso (con limitador de corriente) y puede integrarse f\u00e1cilmente en sistemas de entrega autom\u00e1tica de productos.<\/p>","protected":false},"featured_media":5386,"template":"","meta":{"_acf_changed":false,"inline_featured_image":false},"product_cat":[91,26],"product_tag":[111],"class_list":{"0":"post-5383","1":"product","2":"type-product","3":"status-publish","4":"has-post-thumbnail","6":"product_cat-arca-key-locker","7":"product_cat-serie-arca","8":"product_tag-locker-per-palestre","10":"first","11":"instock","12":"featured","13":"shipping-taxable","14":"purchasable","15":"product-type-variable"},"acf":[],"aioseo_notices":[],"_links":{"self":[{"href":"https:\/\/www.opera-access.it\/es\/wp-json\/wp\/v2\/product\/5383","targetHints":{"allow":["GET"]}}],"collection":[{"href":"https:\/\/www.opera-access.it\/es\/wp-json\/wp\/v2\/product"}],"about":[{"href":"https:\/\/www.opera-access.it\/es\/wp-json\/wp\/v2\/types\/product"}],"wp:featuredmedia":[{"embeddable":true,"href":"https:\/\/www.opera-access.it\/es\/wp-json\/wp\/v2\/media\/5386"}],"wp:attachment":[{"href":"https:\/\/www.opera-access.it\/es\/wp-json\/wp\/v2\/media?parent=5383"}],"wp:term":[{"taxonomy":"product_cat","embeddable":true,"href":"https:\/\/www.opera-access.it\/es\/wp-json\/wp\/v2\/product_cat?post=5383"},{"taxonomy":"product_tag","embeddable":true,"href":"https:\/\/www.opera-access.it\/es\/wp-json\/wp\/v2\/product_tag?post=5383"}],"curies":[{"name":"wp","href":"https:\/\/api.w.org\/{rel}","templated":true}]}}