{"id":5338,"date":"2025-03-05T10:41:39","date_gmt":"2025-03-05T10:41:39","guid":{"rendered":"https:\/\/opera.krescendo.it\/?post_type=product&#038;p=5338"},"modified":"2025-05-14T15:06:56","modified_gmt":"2025-05-14T15:06:56","slug":"art-55516-tarjetas-transpondedoras","status":"publish","type":"product","link":"https:\/\/www.opera-access.it\/es\/product\/art-55516-tarjetas-transpondedoras\/","title":{"rendered":"Art. 55516 - Tarjetas transpondedoras"},"content":{"rendered":"<p>Tarjeta transpondedor. Art\u00edculo neutro disponible [<strong>55516<\/strong>], con serigraf\u00eda de cliente en cuatricrom\u00eda por una cara [<strong>55516SLA<\/strong>] o en dos lados [<strong>55516SLB<\/strong>].<\/p>","protected":false},"excerpt":{"rendered":"<p>Tarjeta RFID con tecnolog\u00eda Mifare, neutra o con serigraf\u00eda de cliente en cuatricrom\u00eda por una o ambas caras.<\/p>","protected":false},"featured_media":5339,"template":"","meta":{"_acf_changed":false,"inline_featured_image":false},"product_cat":[118,26],"product_tag":[],"class_list":{"0":"post-5338","1":"product","2":"type-product","3":"status-publish","4":"has-post-thumbnail","6":"product_cat-arca","7":"product_cat-serie-arca","9":"first","10":"instock","11":"featured","12":"shipping-taxable","13":"purchasable","14":"product-type-variable"},"acf":[],"aioseo_notices":[],"_links":{"self":[{"href":"https:\/\/www.opera-access.it\/es\/wp-json\/wp\/v2\/product\/5338","targetHints":{"allow":["GET"]}}],"collection":[{"href":"https:\/\/www.opera-access.it\/es\/wp-json\/wp\/v2\/product"}],"about":[{"href":"https:\/\/www.opera-access.it\/es\/wp-json\/wp\/v2\/types\/product"}],"wp:featuredmedia":[{"embeddable":true,"href":"https:\/\/www.opera-access.it\/es\/wp-json\/wp\/v2\/media\/5339"}],"wp:attachment":[{"href":"https:\/\/www.opera-access.it\/es\/wp-json\/wp\/v2\/media?parent=5338"}],"wp:term":[{"taxonomy":"product_cat","embeddable":true,"href":"https:\/\/www.opera-access.it\/es\/wp-json\/wp\/v2\/product_cat?post=5338"},{"taxonomy":"product_tag","embeddable":true,"href":"https:\/\/www.opera-access.it\/es\/wp-json\/wp\/v2\/product_tag?post=5338"}],"curies":[{"name":"wp","href":"https:\/\/api.w.org\/{rel}","templated":true}]}}