{"id":5292,"date":"2025-03-04T11:04:15","date_gmt":"2025-03-04T11:04:15","guid":{"rendered":"https:\/\/opera.krescendo.it\/?post_type=product&#038;p=5292"},"modified":"2025-07-04T15:17:18","modified_gmt":"2025-07-04T15:17:18","slug":"art-21914-21915-perno-solenoide-de-seguridad","status":"publish","type":"product","link":"https:\/\/www.opera-access.it\/es\/product\/art-21914-21915-perno-solenoide-de-seguridad\/","title":{"rendered":"Art. 21914 \/ 21915 - Perno solenoide de seguridad"},"content":{"rendered":"<p>Perno solenoide con placa frontal y placa de inducido de acero inoxidable [<strong>21914 \/ 21915<\/strong>].<\/p>","protected":false},"excerpt":{"rendered":"<p>Cerrojo electromagn\u00e9tico para fijaci\u00f3n embutida, con placa frontal y placa de armadura de acero inoxidable, ideal para el cierre de puertas y persianas con perfiles de hierro o aluminio gestionados por controles de acceso. Tambi\u00e9n adecuado para la instalaci\u00f3n en puertas de madera o PVC si se combina con el circuito de refrigeraci\u00f3n Art. 05216. Bloqueo en caso de corte de corriente, preparado para cilindro de forma europea para apertura con llave o, bajo pedido, con cilindro de llave de espiga. Equipado con microinterruptor para la se\u00f1alizaci\u00f3n de la posici\u00f3n del cerrojo y placa de armadura con im\u00e1n regulable en extensi\u00f3n si est\u00e1 equipado con sensor magn\u00e9tico de posici\u00f3n de puerta N.A. Funcionamiento horizontal de serie, vertical bajo pedido.<\/p>\n<p>Nota: el cilindro con forma de perfil europeo puede adquirirse por separado.<\/p>","protected":false},"featured_media":5301,"template":"","meta":{"_acf_changed":false,"inline_featured_image":false},"product_cat":[88,25],"product_tag":[],"class_list":{"0":"post-5292","1":"product","2":"type-product","3":"status-publish","4":"has-post-thumbnail","6":"product_cat-quadra-con-sblocco-chiave","7":"product_cat-serie-quadra","9":"first","10":"instock","11":"featured","12":"shipping-taxable","13":"purchasable","14":"product-type-variable"},"acf":[],"aioseo_notices":[],"_links":{"self":[{"href":"https:\/\/www.opera-access.it\/es\/wp-json\/wp\/v2\/product\/5292","targetHints":{"allow":["GET"]}}],"collection":[{"href":"https:\/\/www.opera-access.it\/es\/wp-json\/wp\/v2\/product"}],"about":[{"href":"https:\/\/www.opera-access.it\/es\/wp-json\/wp\/v2\/types\/product"}],"wp:featuredmedia":[{"embeddable":true,"href":"https:\/\/www.opera-access.it\/es\/wp-json\/wp\/v2\/media\/5301"}],"wp:attachment":[{"href":"https:\/\/www.opera-access.it\/es\/wp-json\/wp\/v2\/media?parent=5292"}],"wp:term":[{"taxonomy":"product_cat","embeddable":true,"href":"https:\/\/www.opera-access.it\/es\/wp-json\/wp\/v2\/product_cat?post=5292"},{"taxonomy":"product_tag","embeddable":true,"href":"https:\/\/www.opera-access.it\/es\/wp-json\/wp\/v2\/product_tag?post=5292"}],"curies":[{"name":"wp","href":"https:\/\/api.w.org\/{rel}","templated":true}]}}