{"id":4907,"date":"2025-03-03T09:30:42","date_gmt":"2025-03-03T09:30:42","guid":{"rendered":"https:\/\/opera.krescendo.it\/?post_type=product&#038;p=4907"},"modified":"2025-12-18T15:32:33","modified_gmt":"2025-12-18T15:32:33","slug":"art-20810xs-20811xs-cerradura-micro-solenoide","status":"publish","type":"product","link":"https:\/\/www.opera-access.it\/es\/product\/art-20810xs-20811xs-cerradura-micro-solenoide\/","title":{"rendered":"Art. 20810XS \/ 20811XS - Microcerradura magn\u00e9tica"},"content":{"rendered":"<p>Perno solenoide con placa frontal y placa de inducido de acero inoxidable [<strong>20810XS \/ 20811XS<\/strong>].<\/p>","protected":false},"excerpt":{"rendered":"<p>Cerrojo electromagn\u00e9tico para fijaci\u00f3n embutida, con placa frontal y placa de armadura de acero inoxidable, ideal para el cierre de escaparates, puertas y ventanas con perfiles de hierro o aluminio gestionados por controles de acceso. Tambi\u00e9n adecuado para su instalaci\u00f3n en puertas de madera o PVC si se combina con el circuito de refrigeraci\u00f3n Art. 05216. Cierre en caso de corte de corriente, con contraplaca equipada con un im\u00e1n regulable en extensi\u00f3n si est\u00e1 equipada con un sensor magn\u00e9tico de posici\u00f3n de puerta N.A. Funcionamiento horizontal est\u00e1ndar, funcionamiento vertical posible bajo pedido.<\/p>","protected":false},"featured_media":4926,"template":"","meta":{"_acf_changed":false,"inline_featured_image":false},"product_cat":[89,25],"product_tag":[],"class_list":{"0":"post-4907","1":"product","2":"type-product","3":"status-publish","4":"has-post-thumbnail","6":"product_cat-quadra-micro","7":"product_cat-serie-quadra","9":"first","10":"instock","11":"featured","12":"shipping-taxable","13":"purchasable","14":"product-type-variable"},"acf":[],"aioseo_notices":[],"_links":{"self":[{"href":"https:\/\/www.opera-access.it\/es\/wp-json\/wp\/v2\/product\/4907","targetHints":{"allow":["GET"]}}],"collection":[{"href":"https:\/\/www.opera-access.it\/es\/wp-json\/wp\/v2\/product"}],"about":[{"href":"https:\/\/www.opera-access.it\/es\/wp-json\/wp\/v2\/types\/product"}],"wp:featuredmedia":[{"embeddable":true,"href":"https:\/\/www.opera-access.it\/es\/wp-json\/wp\/v2\/media\/4926"}],"wp:attachment":[{"href":"https:\/\/www.opera-access.it\/es\/wp-json\/wp\/v2\/media?parent=4907"}],"wp:term":[{"taxonomy":"product_cat","embeddable":true,"href":"https:\/\/www.opera-access.it\/es\/wp-json\/wp\/v2\/product_cat?post=4907"},{"taxonomy":"product_tag","embeddable":true,"href":"https:\/\/www.opera-access.it\/es\/wp-json\/wp\/v2\/product_tag?post=4907"}],"curies":[{"name":"wp","href":"https:\/\/api.w.org\/{rel}","templated":true}]}}