{"id":4655,"date":"2025-02-28T14:30:33","date_gmt":"2025-02-28T14:30:33","guid":{"rendered":"https:\/\/opera.krescendo.it\/?post_type=product&#038;p=4655"},"modified":"2025-10-30T15:21:32","modified_gmt":"2025-10-30T15:21:32","slug":"art-20812-microperno-magnetico-con-electronica-integrada","status":"publish","type":"product","link":"https:\/\/www.opera-access.it\/es\/product\/art-20812-microperno-magnetico-con-electronica-integrada\/","title":{"rendered":"Art. 20812 - Microperno magn\u00e9tico con electr\u00f3nica integrada"},"content":{"rendered":"<p>Perno solenoide con placa frontal y placa de inducido de acero inoxidable [<strong>20812<\/strong>].<\/p>","protected":false},"excerpt":{"rendered":"<p>Cerrojo electromagn\u00e9tico para fijaci\u00f3n embutida, con placa frontal y placa de armadura de acero inoxidable, ideal para el cierre de escaparates, puertas y ventanas con perfiles de hierro o aluminio gestionados por controles de acceso. Bloqueado en caso de corte de corriente y equipado con un sensor magn\u00e9tico (la placa de armadura est\u00e1 equipada con un im\u00e1n de extensi\u00f3n ajustable). Equipado con electr\u00f3nica de control interna por microprocesador, conexi\u00f3n mediante conector r\u00e1pido, entrada con contacto de apertura N.A., salida de rel\u00e9 N.A. \/ N.C. para conexi\u00f3n a sem\u00e1foros, LEDs para el control de las temporizaciones y pulsadores para el control y ajuste de las temporizaciones. Funcionamiento horizontal est\u00e1ndar, funcionamiento vertical posible bajo pedido.<\/p>","protected":false},"featured_media":4656,"template":"","meta":{"_acf_changed":false,"inline_featured_image":false},"product_cat":[89,25],"product_tag":[],"class_list":{"0":"post-4655","1":"product","2":"type-product","3":"status-publish","4":"has-post-thumbnail","6":"product_cat-quadra-micro","7":"product_cat-serie-quadra","9":"first","10":"instock","11":"featured","12":"shipping-taxable","13":"purchasable","14":"product-type-variable"},"acf":[],"aioseo_notices":[],"_links":{"self":[{"href":"https:\/\/www.opera-access.it\/es\/wp-json\/wp\/v2\/product\/4655","targetHints":{"allow":["GET"]}}],"collection":[{"href":"https:\/\/www.opera-access.it\/es\/wp-json\/wp\/v2\/product"}],"about":[{"href":"https:\/\/www.opera-access.it\/es\/wp-json\/wp\/v2\/types\/product"}],"wp:featuredmedia":[{"embeddable":true,"href":"https:\/\/www.opera-access.it\/es\/wp-json\/wp\/v2\/media\/4656"}],"wp:attachment":[{"href":"https:\/\/www.opera-access.it\/es\/wp-json\/wp\/v2\/media?parent=4655"}],"wp:term":[{"taxonomy":"product_cat","embeddable":true,"href":"https:\/\/www.opera-access.it\/es\/wp-json\/wp\/v2\/product_cat?post=4655"},{"taxonomy":"product_tag","embeddable":true,"href":"https:\/\/www.opera-access.it\/es\/wp-json\/wp\/v2\/product_tag?post=4655"}],"curies":[{"name":"wp","href":"https:\/\/api.w.org\/{rel}","templated":true}]}}