{"id":3723,"date":"2025-02-17T10:34:38","date_gmt":"2025-02-17T10:34:38","guid":{"rendered":"https:\/\/opera.krescendo.it\/?post_type=product&#038;p=3723"},"modified":"2025-05-13T12:44:01","modified_gmt":"2025-05-13T12:44:01","slug":"art-32212-32312-cerradero-electrico-radial-con-antirrepetidor","status":"publish","type":"product","link":"https:\/\/www.opera-access.it\/es\/product\/art-32212-32312-cerradero-electrico-radial-con-antirrepetidor\/","title":{"rendered":"Art. 32212 \/ 32312 - Abrepuertas el\u00e9ctrico radial con antirretorno"},"content":{"rendered":"<p>Cuerpo met\u00e1lico anticorrosi\u00f3n y bloque de cierre [<strong>32212 \/ 32312<\/strong>].<\/p>","protected":false},"excerpt":{"rendered":"<p>Abrepuertas el\u00e9ctrico sim\u00e9trico - reversible, ideal para electrificar puertas de aluminio o madera con picaporte mec\u00e1nico y cerraduras de palanca sin tener que hacer un corte en el montante para el movimiento del labio durante la apertura (el labio m\u00f3vil que bloquea el picaporte, durante la apertura no se mueve girando hacia fuera como en los abrepuertas el\u00e9ctricos tradicionales, sino que gira desliz\u00e1ndose hacia dentro). Bloqueo del picaporte ajustable horizontalmente. Bloqueo sin alimentaci\u00f3n. Se suministra sin placa de cierre.<\/p>","protected":false},"featured_media":3726,"template":"","meta":{"_acf_changed":false,"inline_featured_image":false},"product_cat":[86,24],"product_tag":[],"class_list":{"0":"post-3723","1":"product","2":"type-product","3":"status-publish","4":"has-post-thumbnail","6":"product_cat-radial-slide","7":"product_cat-serie-omnia","9":"first","10":"instock","11":"featured","12":"shipping-taxable","13":"purchasable","14":"product-type-variable"},"acf":[],"aioseo_notices":[],"_links":{"self":[{"href":"https:\/\/www.opera-access.it\/es\/wp-json\/wp\/v2\/product\/3723","targetHints":{"allow":["GET"]}}],"collection":[{"href":"https:\/\/www.opera-access.it\/es\/wp-json\/wp\/v2\/product"}],"about":[{"href":"https:\/\/www.opera-access.it\/es\/wp-json\/wp\/v2\/types\/product"}],"wp:featuredmedia":[{"embeddable":true,"href":"https:\/\/www.opera-access.it\/es\/wp-json\/wp\/v2\/media\/3726"}],"wp:attachment":[{"href":"https:\/\/www.opera-access.it\/es\/wp-json\/wp\/v2\/media?parent=3723"}],"wp:term":[{"taxonomy":"product_cat","embeddable":true,"href":"https:\/\/www.opera-access.it\/es\/wp-json\/wp\/v2\/product_cat?post=3723"},{"taxonomy":"product_tag","embeddable":true,"href":"https:\/\/www.opera-access.it\/es\/wp-json\/wp\/v2\/product_tag?post=3723"}],"curies":[{"name":"wp","href":"https:\/\/api.w.org\/{rel}","templated":true}]}}