{"id":3677,"date":"2025-02-17T08:52:23","date_gmt":"2025-02-17T08:52:23","guid":{"rendered":"https:\/\/opera.krescendo.it\/?post_type=product&#038;p=3677"},"modified":"2025-05-13T12:39:01","modified_gmt":"2025-05-13T12:39:01","slug":"art-31012td-31112td-cerradero-electrico-temporizado","status":"publish","type":"product","link":"https:\/\/www.opera-access.it\/es\/product\/art-31012td-31112td-cerradero-electrico-temporizado\/","title":{"rendered":"Art. 31012TD \/ 31112TD - Cerradero el\u00e9ctrico temporizado"},"content":{"rendered":"<p>Cuerpo met\u00e1lico anticorrosi\u00f3n y bloque de cierre [<strong>31012TD \/ 31112TD<\/strong>].<\/p>","protected":false},"excerpt":{"rendered":"<p>Abrepuertas el\u00e9ctrico sim\u00e9trico - reversible, ideal para electrificar la apertura de puertas de aluminio o madera con cerraduras mec\u00e1nicas de picaporte y cerrojo. Especialmente indicado para aplicaciones en las que, tras recibir un impulso de apertura, la puerta debe poder volver a cerrarse aunque la hoja no se haya abierto. Cerradura de picaporte regulable horizontalmente. Cierre sin alimentaci\u00f3n el\u00e9ctrica y equipado con temporizador electr\u00f3nico interno. Se suministra sin cerradero.<\/p>","protected":false},"featured_media":3680,"template":"","meta":{"_acf_changed":false,"inline_featured_image":false},"product_cat":[84,24],"product_tag":[],"class_list":{"0":"post-3677","1":"product","2":"type-product","3":"status-publish","4":"has-post-thumbnail","6":"product_cat-micro","7":"product_cat-serie-omnia","9":"first","10":"instock","11":"featured","12":"shipping-taxable","13":"purchasable","14":"product-type-variable"},"acf":[],"aioseo_notices":[],"_links":{"self":[{"href":"https:\/\/www.opera-access.it\/es\/wp-json\/wp\/v2\/product\/3677","targetHints":{"allow":["GET"]}}],"collection":[{"href":"https:\/\/www.opera-access.it\/es\/wp-json\/wp\/v2\/product"}],"about":[{"href":"https:\/\/www.opera-access.it\/es\/wp-json\/wp\/v2\/types\/product"}],"wp:featuredmedia":[{"embeddable":true,"href":"https:\/\/www.opera-access.it\/es\/wp-json\/wp\/v2\/media\/3680"}],"wp:attachment":[{"href":"https:\/\/www.opera-access.it\/es\/wp-json\/wp\/v2\/media?parent=3677"}],"wp:term":[{"taxonomy":"product_cat","embeddable":true,"href":"https:\/\/www.opera-access.it\/es\/wp-json\/wp\/v2\/product_cat?post=3677"},{"taxonomy":"product_tag","embeddable":true,"href":"https:\/\/www.opera-access.it\/es\/wp-json\/wp\/v2\/product_tag?post=3677"}],"curies":[{"name":"wp","href":"https:\/\/api.w.org\/{rel}","templated":true}]}}