{"id":3623,"date":"2025-02-14T15:39:30","date_gmt":"2025-02-14T15:39:30","guid":{"rendered":"https:\/\/opera.krescendo.it\/?post_type=product&#038;p=3623"},"modified":"2025-02-17T08:48:08","modified_gmt":"2025-02-17T08:48:08","slug":"art-31012dcpn-cerradero-electrico-de-bajo-consumo-para-sistemas-de-control-de-acceso","status":"publish","type":"product","link":"https:\/\/www.opera-access.it\/es\/product\/art-31012dcpn-cerradero-electrico-de-bajo-consumo-para-sistemas-de-control-de-acceso\/","title":{"rendered":"Art. 31012DCPN - Abrepuertas el\u00e9ctrico de baja potencia para sistemas de control de acceso"},"content":{"rendered":"<p>Cuerpo met\u00e1lico anticorrosi\u00f3n y bloque de cierre [<strong>31012DCPN<\/strong>].<\/p>","protected":false},"excerpt":{"rendered":"<p>Abrepuertas el\u00e9ctrico sim\u00e9trico - reversible, ideal para electrificar puertas de aluminio o madera con picaporte mec\u00e1nico y cerraduras de palanca. Picaporte ajustable horizontalmente. Cierre sin alimentaci\u00f3n el\u00e9ctrica. Se suministra sin placa de cierre. Consumo de corriente bajo especial con varistor interno antiatasco, ideal para acoplar con sistemas de control de acceso (por ejemplo, lectores de tarjetas de hotel).<\/p>","protected":false},"featured_media":3415,"template":"","meta":{"_acf_changed":false,"inline_featured_image":false},"product_cat":[84,24],"product_tag":[],"class_list":{"0":"post-3623","1":"product","2":"type-product","3":"status-publish","4":"has-post-thumbnail","6":"product_cat-micro","7":"product_cat-serie-omnia","9":"first","10":"instock","11":"featured","12":"shipping-taxable","13":"product-type-simple"},"acf":[],"aioseo_notices":[],"_links":{"self":[{"href":"https:\/\/www.opera-access.it\/es\/wp-json\/wp\/v2\/product\/3623","targetHints":{"allow":["GET"]}}],"collection":[{"href":"https:\/\/www.opera-access.it\/es\/wp-json\/wp\/v2\/product"}],"about":[{"href":"https:\/\/www.opera-access.it\/es\/wp-json\/wp\/v2\/types\/product"}],"wp:featuredmedia":[{"embeddable":true,"href":"https:\/\/www.opera-access.it\/es\/wp-json\/wp\/v2\/media\/3415"}],"wp:attachment":[{"href":"https:\/\/www.opera-access.it\/es\/wp-json\/wp\/v2\/media?parent=3623"}],"wp:term":[{"taxonomy":"product_cat","embeddable":true,"href":"https:\/\/www.opera-access.it\/es\/wp-json\/wp\/v2\/product_cat?post=3623"},{"taxonomy":"product_tag","embeddable":true,"href":"https:\/\/www.opera-access.it\/es\/wp-json\/wp\/v2\/product_tag?post=3623"}],"curies":[{"name":"wp","href":"https:\/\/api.w.org\/{rel}","templated":true}]}}