{"id":3475,"date":"2025-02-14T15:03:57","date_gmt":"2025-02-14T15:03:57","guid":{"rendered":"https:\/\/opera.krescendo.it\/?post_type=product&#038;p=3475"},"modified":"2025-05-13T12:40:45","modified_gmt":"2025-05-13T12:40:45","slug":"art-31412a-31512a-cerradero-electrico-automatico-con-antirrepetidor-incorporado","status":"publish","type":"product","link":"https:\/\/www.opera-access.it\/es\/product\/art-31412a-31512a-cerradero-electrico-automatico-con-antirrepetidor-incorporado\/","title":{"rendered":"Art. 31412A \/ 31512A - Abrepuertas el\u00e9ctrico autom\u00e1tico con antip\u00e1nico incorporado"},"content":{"rendered":"<p>Cuerpo met\u00e1lico anticorrosi\u00f3n y bloque de cierre [<strong>31412A \/ 31512A<\/strong>].<\/p>","protected":false},"excerpt":{"rendered":"<p>Cerradero el\u00e9ctrico sim\u00e9trico - reversible, ideal para electrificar puertas de aluminio o madera con picaporte mec\u00e1nico y cerraduras de palanca. Picaporte ajustable horizontalmente. Cierre sin alimentaci\u00f3n el\u00e9ctrica. Se suministra sin placa de cierre.<\/p>","protected":false},"featured_media":3604,"template":"","meta":{"_acf_changed":false,"inline_featured_image":false},"product_cat":[84,24],"product_tag":[],"class_list":{"0":"post-3475","1":"product","2":"type-product","3":"status-publish","4":"has-post-thumbnail","6":"product_cat-micro","7":"product_cat-serie-omnia","9":"first","10":"instock","11":"featured","12":"shipping-taxable","13":"purchasable","14":"product-type-variable"},"acf":[],"aioseo_notices":[],"_links":{"self":[{"href":"https:\/\/www.opera-access.it\/es\/wp-json\/wp\/v2\/product\/3475","targetHints":{"allow":["GET"]}}],"collection":[{"href":"https:\/\/www.opera-access.it\/es\/wp-json\/wp\/v2\/product"}],"about":[{"href":"https:\/\/www.opera-access.it\/es\/wp-json\/wp\/v2\/types\/product"}],"wp:featuredmedia":[{"embeddable":true,"href":"https:\/\/www.opera-access.it\/es\/wp-json\/wp\/v2\/media\/3604"}],"wp:attachment":[{"href":"https:\/\/www.opera-access.it\/es\/wp-json\/wp\/v2\/media?parent=3475"}],"wp:term":[{"taxonomy":"product_cat","embeddable":true,"href":"https:\/\/www.opera-access.it\/es\/wp-json\/wp\/v2\/product_cat?post=3475"},{"taxonomy":"product_tag","embeddable":true,"href":"https:\/\/www.opera-access.it\/es\/wp-json\/wp\/v2\/product_tag?post=3475"}],"curies":[{"name":"wp","href":"https:\/\/api.w.org\/{rel}","templated":true}]}}