{"id":3441,"date":"2025-02-14T14:30:17","date_gmt":"2025-02-14T14:30:17","guid":{"rendered":"https:\/\/opera.krescendo.it\/?post_type=product&#038;p=3441"},"modified":"2025-06-25T15:31:18","modified_gmt":"2025-06-25T15:31:18","slug":"art-31212l-31312l-cerradero-electrico-con-corredera-antirrepeticion","status":"publish","type":"product","link":"https:\/\/www.opera-access.it\/es\/product\/art-31212l-31312l-cerradero-electrico-con-corredera-antirrepeticion\/","title":{"rendered":"Art. 31212L \/ 31312L - Abrepuertas el\u00e9ctrico con resbal\u00f3n antidesgarro"},"content":{"rendered":"<p>Cuerpo met\u00e1lico anticorrosi\u00f3n y bloque de cierre [<strong>31212L \/ 31312L<\/strong>].<\/p>","protected":false},"excerpt":{"rendered":"<p>Cerradero el\u00e9ctrico sim\u00e9trico - reversible, ideal para electrificar puertas de aluminio o madera con picaporte mec\u00e1nico y cerraduras de palanca. Picaporte ajustable horizontalmente. Cierre sin alimentaci\u00f3n el\u00e9ctrica. Se suministra sin placa de cierre.<\/p>","protected":false},"featured_media":3460,"template":"","meta":{"_acf_changed":false,"inline_featured_image":false},"product_cat":[84,24],"product_tag":[98,148],"class_list":{"0":"post-3441","1":"product","2":"type-product","3":"status-publish","4":"has-post-thumbnail","6":"product_cat-micro","7":"product_cat-serie-omnia","8":"product_tag-porte-interne","9":"product_tag-porte-di-accesso","11":"first","12":"instock","13":"featured","14":"shipping-taxable","15":"purchasable","16":"product-type-variable"},"acf":[],"aioseo_notices":[],"_links":{"self":[{"href":"https:\/\/www.opera-access.it\/es\/wp-json\/wp\/v2\/product\/3441","targetHints":{"allow":["GET"]}}],"collection":[{"href":"https:\/\/www.opera-access.it\/es\/wp-json\/wp\/v2\/product"}],"about":[{"href":"https:\/\/www.opera-access.it\/es\/wp-json\/wp\/v2\/types\/product"}],"wp:featuredmedia":[{"embeddable":true,"href":"https:\/\/www.opera-access.it\/es\/wp-json\/wp\/v2\/media\/3460"}],"wp:attachment":[{"href":"https:\/\/www.opera-access.it\/es\/wp-json\/wp\/v2\/media?parent=3441"}],"wp:term":[{"taxonomy":"product_cat","embeddable":true,"href":"https:\/\/www.opera-access.it\/es\/wp-json\/wp\/v2\/product_cat?post=3441"},{"taxonomy":"product_tag","embeddable":true,"href":"https:\/\/www.opera-access.it\/es\/wp-json\/wp\/v2\/product_tag?post=3441"}],"curies":[{"name":"wp","href":"https:\/\/api.w.org\/{rel}","templated":true}]}}