{"id":2342,"date":"2025-02-03T13:30:59","date_gmt":"2025-02-03T13:30:59","guid":{"rendered":"https:\/\/opera.krescendo.it\/?post_type=product&#038;p=2342"},"modified":"2025-07-29T14:15:32","modified_gmt":"2025-07-29T14:15:32","slug":"art-60001-regulador-de-cierre-continuo-de-3-ruedas","status":"publish","type":"product","link":"https:\/\/www.opera-access.it\/es\/product\/art-60001-regulador-de-cierre-continuo-de-3-ruedas\/","title":{"rendered":"Art. 60001 - Regulador de bloqueo continuo con 3 ruedas para cable de acero de 3 mm de di\u00e1metro"},"content":{"rendered":"<p>Sistema hidr\u00e1ulico con deslizamiento libre en el sentido de las agujas del reloj y frenado en sentido contrario (reversible). El sistema de frenado puede ajustarse con un tornillo. Cuerpo de aluminio de una sola pieza. Polea central de acero con inserto de Vulcolan, poleas laterales de Delrin. Fijaci\u00f3n lateral mediante tornillos M8 para montaje en soportes de apoyo (bajo pedido).  C\u00f3digo del art\u00edculo [<strong>60001<\/strong>].<\/p>","protected":false},"excerpt":{"rendered":"<p>Los reguladores de cierre continuo permiten estabilizar la velocidad de cierre autom\u00e1tico de las puertas cortafuegos correderas. Una vez pasado el momento cr\u00edtico de salida, la velocidad de la puerta aumenta progresivamente y de forma proporcional al periodo de excursi\u00f3n y a su propio peso. En situaciones de emergencia, la energ\u00eda desarrollada podr\u00eda causar graves da\u00f1os a las personas o bienes que tuvieran que intervenir. El regulador hidr\u00e1ulico estabiliza la velocidad de cierre de forma constante.<\/p>","protected":false},"featured_media":2343,"template":"","meta":{"_acf_changed":false,"inline_featured_image":false},"product_cat":[22,76],"product_tag":[101],"class_list":{"0":"post-2342","1":"product","2":"type-product","3":"status-publish","4":"has-post-thumbnail","6":"product_cat-fire-control","7":"product_cat-regolatori-ammortizzatori","8":"product_tag-accessori-per-porte-tagliafuoco","10":"first","11":"instock","12":"featured","13":"shipping-taxable","14":"product-type-simple"},"acf":[],"aioseo_notices":[],"_links":{"self":[{"href":"https:\/\/www.opera-access.it\/es\/wp-json\/wp\/v2\/product\/2342","targetHints":{"allow":["GET"]}}],"collection":[{"href":"https:\/\/www.opera-access.it\/es\/wp-json\/wp\/v2\/product"}],"about":[{"href":"https:\/\/www.opera-access.it\/es\/wp-json\/wp\/v2\/types\/product"}],"wp:featuredmedia":[{"embeddable":true,"href":"https:\/\/www.opera-access.it\/es\/wp-json\/wp\/v2\/media\/2343"}],"wp:attachment":[{"href":"https:\/\/www.opera-access.it\/es\/wp-json\/wp\/v2\/media?parent=2342"}],"wp:term":[{"taxonomy":"product_cat","embeddable":true,"href":"https:\/\/www.opera-access.it\/es\/wp-json\/wp\/v2\/product_cat?post=2342"},{"taxonomy":"product_tag","embeddable":true,"href":"https:\/\/www.opera-access.it\/es\/wp-json\/wp\/v2\/product_tag?post=2342"}],"curies":[{"name":"wp","href":"https:\/\/api.w.org\/{rel}","templated":true}]}}