{"id":2230,"date":"2025-01-27T14:45:54","date_gmt":"2025-01-27T14:45:54","guid":{"rendered":"https:\/\/opera.krescendo.it\/?post_type=product&#038;p=2230"},"modified":"2025-07-29T09:59:56","modified_gmt":"2025-07-29T09:59:56","slug":"art-01620-electroiman-de-sujecion","status":"publish","type":"product","link":"https:\/\/www.opera-access.it\/es\/product\/art-01620-electroiman-de-sujecion\/","title":{"rendered":"Art. 01620 \/ 01620I - Electroim\u00e1n de retenci\u00f3n para puertas batientes o correderas - fuerza de tracci\u00f3n &gt; 55kg"},"content":{"rendered":"<p>Electroim\u00e1n niquelado con parte trasera roscada M8 [<strong>01620<\/strong>].<\/p>\n<p>Elettromagnete nichelato con dorso filettato M8 completo di piattello con fissaggio con foro cieco M6 [<strong>01620I<\/strong>].<\/p>","protected":false},"excerpt":{"rendered":"<p>Dispositivo electromagn\u00e9tico de retenci\u00f3n de apertura. F\u00e1cilmente aplicable en puertas preexistentes. Desbloqueo en ausencia de corriente.<\/p>","protected":false},"featured_media":2231,"template":"","meta":{"_acf_changed":false,"inline_featured_image":false},"product_cat":[22,75],"product_tag":[],"class_list":{"0":"post-2230","1":"product","2":"type-product","3":"status-publish","4":"has-post-thumbnail","6":"product_cat-fire-control","7":"product_cat-elettromagneti-di-trattenuta","9":"first","10":"instock","11":"featured","12":"shipping-taxable","13":"purchasable","14":"product-type-variable"},"acf":[],"aioseo_notices":[],"_links":{"self":[{"href":"https:\/\/www.opera-access.it\/es\/wp-json\/wp\/v2\/product\/2230","targetHints":{"allow":["GET"]}}],"collection":[{"href":"https:\/\/www.opera-access.it\/es\/wp-json\/wp\/v2\/product"}],"about":[{"href":"https:\/\/www.opera-access.it\/es\/wp-json\/wp\/v2\/types\/product"}],"wp:featuredmedia":[{"embeddable":true,"href":"https:\/\/www.opera-access.it\/es\/wp-json\/wp\/v2\/media\/2231"}],"wp:attachment":[{"href":"https:\/\/www.opera-access.it\/es\/wp-json\/wp\/v2\/media?parent=2230"}],"wp:term":[{"taxonomy":"product_cat","embeddable":true,"href":"https:\/\/www.opera-access.it\/es\/wp-json\/wp\/v2\/product_cat?post=2230"},{"taxonomy":"product_tag","embeddable":true,"href":"https:\/\/www.opera-access.it\/es\/wp-json\/wp\/v2\/product_tag?post=2230"}],"curies":[{"name":"wp","href":"https:\/\/api.w.org\/{rel}","templated":true}]}}