{"id":1795,"date":"2025-06-25T10:46:07","date_gmt":"2025-06-25T10:46:07","guid":{"rendered":"https:\/\/opera.krescendo.it\/?post_type=product&#038;p=1795"},"modified":"2025-07-22T10:03:16","modified_gmt":"2025-07-22T10:03:16","slug":"electroiman-microcizalla-sin-o-con-sensor-art-13900-13900m","status":"publish","type":"product","link":"https:\/\/www.opera-access.it\/es\/product\/electroiman-microcizalla-sin-o-con-sensor-art-13900-13900m\/","title":{"rendered":"Art. 13900M - Micro Shear Lock solenoide con sensor - funcionamiento de arranque para puertas batientes con galce - fuerza de tracci\u00f3n hasta 680 kg"},"content":{"rendered":"<p>Soporte de electroim\u00e1n y placa de inducido de aluminio anodizado plata. Placa de inducido ajustable en extensi\u00f3n con perno residual antimagnetismo. Versi\u00f3n INFILAR. Funcionamiento por deslizamiento. C\u00f3digo art\u00edculo: [<strong>13900M<\/strong>].<\/p>","protected":false},"excerpt":{"rendered":"<p>Cerradura el\u00e9ctrica de seguridad con pestillo antip\u00e1nico electromagn\u00e9tico (se desbloquea en ausencia de corriente). Versi\u00f3n de embutir. Sin desgaste mec\u00e1nico. Garant\u00eda de puerta siempre cerrada. Apertura exterior mediante interruptor de llave, mando a distancia, control de acceso, etc. Apertura interior mediante pulsador.<\/p>","protected":false},"featured_media":1798,"template":"","meta":{"_acf_changed":false,"inline_featured_image":false},"product_cat":[179,21],"product_tag":[],"class_list":{"0":"post-1795","1":"product","2":"type-product","3":"status-publish","4":"has-post-thumbnail","6":"product_cat-elettromagneti-di-sicurezza","7":"product_cat-serie-safety","9":"first","10":"instock","11":"featured","12":"shipping-taxable","13":"product-type-simple"},"acf":[],"aioseo_notices":[],"_links":{"self":[{"href":"https:\/\/www.opera-access.it\/es\/wp-json\/wp\/v2\/product\/1795","targetHints":{"allow":["GET"]}}],"collection":[{"href":"https:\/\/www.opera-access.it\/es\/wp-json\/wp\/v2\/product"}],"about":[{"href":"https:\/\/www.opera-access.it\/es\/wp-json\/wp\/v2\/types\/product"}],"wp:featuredmedia":[{"embeddable":true,"href":"https:\/\/www.opera-access.it\/es\/wp-json\/wp\/v2\/media\/1798"}],"wp:attachment":[{"href":"https:\/\/www.opera-access.it\/es\/wp-json\/wp\/v2\/media?parent=1795"}],"wp:term":[{"taxonomy":"product_cat","embeddable":true,"href":"https:\/\/www.opera-access.it\/es\/wp-json\/wp\/v2\/product_cat?post=1795"},{"taxonomy":"product_tag","embeddable":true,"href":"https:\/\/www.opera-access.it\/es\/wp-json\/wp\/v2\/product_tag?post=1795"}],"curies":[{"name":"wp","href":"https:\/\/api.w.org\/{rel}","templated":true}]}}