{"id":12466,"date":"2026-03-04T10:51:54","date_gmt":"2026-03-04T10:51:54","guid":{"rendered":"https:\/\/www.opera-access.it\/?post_type=product&#038;p=12466"},"modified":"2026-03-18T09:34:56","modified_gmt":"2026-03-18T09:34:56","slug":"art-57413-teclado-con-lector-de-tarjetas-rfid-para-remootio-pro","status":"publish","type":"product","link":"https:\/\/www.opera-access.it\/es\/product\/art-57413-teclado-con-lector-de-tarjetas-rfid-para-remootio-pro\/","title":{"rendered":"Art. 57413 - Teclado con lector de tarjetas RFID para m\u00f3dulo 57402PRO"},"content":{"rendered":"<p>Teclado con bot\u00f3n t\u00e1ctil y timbre [<strong>57413<\/strong>].<\/p>","protected":false},"excerpt":{"rendered":"<p>Teclado con lector RFID integrado que puede combinarse con el m\u00f3dulo 57402PRO. Funciones disponibles: asignaci\u00f3n de un c\u00f3digo personal o tarjeta RFID para cada usuario, registro de accesos con fecha y hora, control de rel\u00e9s seg\u00fan autorizaciones de usuario. Los usuarios pueden habilitarse o restringirse para cada rel\u00e9, independientemente de si la apertura se solicita mediante teclado o app. Los enlaces de apertura tambi\u00e9n pueden restringirse a un \u00fanico rel\u00e9.<span class=\"Apple-converted-space\">\u00a0<\/span><\/p>","protected":false},"featured_media":12467,"template":"","meta":{"_acf_changed":false,"inline_featured_image":false},"product_cat":[172,33],"product_tag":[95,108],"class_list":{"0":"post-12466","1":"product","2":"type-product","3":"status-publish","4":"has-post-thumbnail","6":"product_cat-wi-fi-bluetooth","7":"product_cat-doora","8":"product_tag-apertura-da-remoto","9":"product_tag-apertura-da-remoto-doora","11":"first","12":"instock","13":"featured","14":"shipping-taxable","15":"product-type-simple"},"acf":[],"aioseo_notices":[],"_links":{"self":[{"href":"https:\/\/www.opera-access.it\/es\/wp-json\/wp\/v2\/product\/12466","targetHints":{"allow":["GET"]}}],"collection":[{"href":"https:\/\/www.opera-access.it\/es\/wp-json\/wp\/v2\/product"}],"about":[{"href":"https:\/\/www.opera-access.it\/es\/wp-json\/wp\/v2\/types\/product"}],"wp:featuredmedia":[{"embeddable":true,"href":"https:\/\/www.opera-access.it\/es\/wp-json\/wp\/v2\/media\/12467"}],"wp:attachment":[{"href":"https:\/\/www.opera-access.it\/es\/wp-json\/wp\/v2\/media?parent=12466"}],"wp:term":[{"taxonomy":"product_cat","embeddable":true,"href":"https:\/\/www.opera-access.it\/es\/wp-json\/wp\/v2\/product_cat?post=12466"},{"taxonomy":"product_tag","embeddable":true,"href":"https:\/\/www.opera-access.it\/es\/wp-json\/wp\/v2\/product_tag?post=12466"}],"curies":[{"name":"wp","href":"https:\/\/api.w.org\/{rel}","templated":true}]}}