{"id":12158,"date":"2025-10-27T14:01:28","date_gmt":"2025-10-27T14:01:28","guid":{"rendered":"https:\/\/www.opera-access.it\/?post_type=product&#038;p=12158"},"modified":"2026-03-25T13:28:56","modified_gmt":"2026-03-25T13:28:56","slug":"art-28601-28602-28603-cerradura-electrica-para-cancelas-y-puertas-version-antipanico-a-prueba-de-fallos","status":"publish","type":"product","link":"https:\/\/www.opera-access.it\/es\/product\/art-28601-28602-28603-cerradura-electrica-para-cancelas-y-puertas-version-antipanico-a-prueba-de-fallos\/","title":{"rendered":"Art. 28601BR \/ 28602BR \/ 28603BR - Cerradura el\u00e9ctrica para cancelas y puertas - Versi\u00f3n FAIL SAFE, antip\u00e1nico"},"content":{"rendered":"<p>Cerradura el\u00e9ctrica con frente y contraplaca de acero inoxidable, placa de cubierta de aluminio anodizado y cerrojo de acero inoxidable con dispositivo antirrobo [<strong>28601.1BR \/ 28601.2BR \/ 28602.2BR \/ 28603.1BR \/ <\/strong><strong>28603.2BR<\/strong>].<\/p>","protected":false},"excerpt":{"rendered":"<p>Cerradura el\u00e9ctrica a prueba de fallos para su aplicaci\u00f3n en la versi\u00f3n a prueba de fallos, para puertas peatonales incluso expuestas a la intemperie y puertas de apartamentos de madera, intercambiable con las cerraduras el\u00e9ctricas convencionales.<\/p>\n<p>Cerradura y contraplaca de acero inoxidable, frentes de aluminio anodizado y palanca de acero inoxidable, con dispositivo antirrobo en posici\u00f3n cerrada. El cerrojo se abre en ausencia de corriente. Equipada con electr\u00f3nica de control interna por microprocesador, apertura mec\u00e1nica con cilindro redondo con entrada regulable, pomo o bot\u00f3n y reconexi\u00f3n autom\u00e1tica con temporizaci\u00f3n regulable.<\/p>","protected":false},"featured_media":12210,"template":"","meta":{"_acf_changed":false,"inline_featured_image":false},"product_cat":[68,29],"product_tag":[35,92,148],"class_list":{"0":"post-12158","1":"product","2":"type-product","3":"status-publish","4":"has-post-thumbnail","6":"product_cat-gate-lock","7":"product_cat-serie-gate","8":"product_tag-portoni-condominiali","9":"product_tag-cancelli-pedonali","10":"product_tag-porte-di-accesso","12":"first","13":"instock","14":"featured","15":"shipping-taxable","16":"purchasable","17":"product-type-variable"},"acf":[],"aioseo_notices":[],"_links":{"self":[{"href":"https:\/\/www.opera-access.it\/es\/wp-json\/wp\/v2\/product\/12158","targetHints":{"allow":["GET"]}}],"collection":[{"href":"https:\/\/www.opera-access.it\/es\/wp-json\/wp\/v2\/product"}],"about":[{"href":"https:\/\/www.opera-access.it\/es\/wp-json\/wp\/v2\/types\/product"}],"wp:featuredmedia":[{"embeddable":true,"href":"https:\/\/www.opera-access.it\/es\/wp-json\/wp\/v2\/media\/12210"}],"wp:attachment":[{"href":"https:\/\/www.opera-access.it\/es\/wp-json\/wp\/v2\/media?parent=12158"}],"wp:term":[{"taxonomy":"product_cat","embeddable":true,"href":"https:\/\/www.opera-access.it\/es\/wp-json\/wp\/v2\/product_cat?post=12158"},{"taxonomy":"product_tag","embeddable":true,"href":"https:\/\/www.opera-access.it\/es\/wp-json\/wp\/v2\/product_tag?post=12158"}],"curies":[{"name":"wp","href":"https:\/\/api.w.org\/{rel}","templated":true}]}}