{"id":11063,"date":"2025-06-24T15:15:22","date_gmt":"2025-06-24T15:15:22","guid":{"rendered":"https:\/\/www.opera-access.it\/?post_type=product&#038;p=11063"},"modified":"2026-01-19T14:33:27","modified_gmt":"2026-01-19T14:33:27","slug":"art-19001-19001gc-electroiman-de-sujecion","status":"publish","type":"product","link":"https:\/\/www.opera-access.it\/es\/product\/art-19001-19001gc-electroiman-de-sujecion\/","title":{"rendered":"Art. 19001 \/ 19001GC - Electroim\u00e1n de retenci\u00f3n para montaje en pared para puertas cortafuego batientes - fuerza de tracci\u00f3n &gt; 55 kg"},"content":{"rendered":"<p>Cuerpo de ABS con base de acero galvanizado y bloque electroim\u00e1n niquelado. Art\u00edculo disponible en dos colores: negro [<strong>19001<\/strong>] o gris RAL 7035 [<strong>19001GC<\/strong>].<\/p>","protected":false},"excerpt":{"rendered":"<p>Electroim\u00e1n de retenci\u00f3n para puertas cortafuegos batientes, con pulsador de desbloqueo. Versi\u00f3n para montaje en pared. Desbloqueo en ausencia de corriente. Equipado con clavija antimagn\u00e9tica de magnetismo residual y conector de conexi\u00f3n roscada con varistor antiperturbaci\u00f3n.<\/p>\n<p>N.B.: Se suministra sin contraplaca (art\u00edculo que debe adquirirse por separado).<\/p>","protected":false},"featured_media":11124,"template":"","meta":{"_acf_changed":false,"inline_featured_image":false},"product_cat":[183,22],"product_tag":[101],"class_list":{"0":"post-11063","1":"product","2":"type-product","3":"status-publish","4":"has-post-thumbnail","6":"product_cat-elettromagneti-di-trattenuta-per-porte-tagliafuoco","7":"product_cat-fire-control","8":"product_tag-accessori-per-porte-tagliafuoco","10":"first","11":"instock","12":"featured","13":"shipping-taxable","14":"purchasable","15":"product-type-variable"},"acf":[],"aioseo_notices":[],"_links":{"self":[{"href":"https:\/\/www.opera-access.it\/es\/wp-json\/wp\/v2\/product\/11063","targetHints":{"allow":["GET"]}}],"collection":[{"href":"https:\/\/www.opera-access.it\/es\/wp-json\/wp\/v2\/product"}],"about":[{"href":"https:\/\/www.opera-access.it\/es\/wp-json\/wp\/v2\/types\/product"}],"wp:featuredmedia":[{"embeddable":true,"href":"https:\/\/www.opera-access.it\/es\/wp-json\/wp\/v2\/media\/11124"}],"wp:attachment":[{"href":"https:\/\/www.opera-access.it\/es\/wp-json\/wp\/v2\/media?parent=11063"}],"wp:term":[{"taxonomy":"product_cat","embeddable":true,"href":"https:\/\/www.opera-access.it\/es\/wp-json\/wp\/v2\/product_cat?post=11063"},{"taxonomy":"product_tag","embeddable":true,"href":"https:\/\/www.opera-access.it\/es\/wp-json\/wp\/v2\/product_tag?post=11063"}],"curies":[{"name":"wp","href":"https:\/\/api.w.org\/{rel}","templated":true}]}}