{"id":10621,"date":"2025-06-23T14:55:01","date_gmt":"2025-06-23T14:55:01","guid":{"rendered":"https:\/\/www.opera-access.it\/?post_type=product&#038;p=10621"},"modified":"2025-06-24T10:40:41","modified_gmt":"2025-06-24T10:40:41","slug":"art-08040-00-selector-de-llave","status":"publish","type":"product","link":"https:\/\/www.opera-access.it\/es\/product\/art-08040-00-selector-de-llave\/","title":{"rendered":"Art. 08040 00 - Selector de llave"},"content":{"rendered":"<p class=\"p1\">Selector de llave con giro de 90\u00b0 y retorno autom\u00e1tico [<strong>08040 00<\/strong>].<\/p>","protected":false},"excerpt":{"rendered":"<p class=\"p1\">Accesorio <span data-huuid=\"7521719356656352605\">que permite conectar o desconectar la alimentaci\u00f3n introduciendo y girando una llave. <\/span><span data-huuid=\"7521719356656351194\">Se suele utilizar en aplicaciones que requieren un mayor control de acceso, <\/span>pueden sustituir a un interruptor o bot\u00f3n tradicional, a\u00f1adiendo un nivel de seguridad que requiere una llave f\u00edsica para el control.<span class=\"pjBG2e\" data-cid=\"3321a3d1-05b8-4f55-b9aa-1b8893b0e249\"><span class=\"UV3uM\">\u00a0<\/span><\/span><\/p>","protected":false},"featured_media":10622,"template":"","meta":{"_acf_changed":false,"inline_featured_image":false},"product_cat":[178,132],"product_tag":[],"class_list":{"0":"post-10621","1":"product","2":"type-product","3":"status-publish","4":"has-post-thumbnail","6":"product_cat-cilindri-accessori","7":"product_cat-accessori","9":"first","10":"instock","11":"featured","12":"shipping-taxable","13":"product-type-simple"},"acf":[],"aioseo_notices":[],"_links":{"self":[{"href":"https:\/\/www.opera-access.it\/es\/wp-json\/wp\/v2\/product\/10621","targetHints":{"allow":["GET"]}}],"collection":[{"href":"https:\/\/www.opera-access.it\/es\/wp-json\/wp\/v2\/product"}],"about":[{"href":"https:\/\/www.opera-access.it\/es\/wp-json\/wp\/v2\/types\/product"}],"wp:featuredmedia":[{"embeddable":true,"href":"https:\/\/www.opera-access.it\/es\/wp-json\/wp\/v2\/media\/10622"}],"wp:attachment":[{"href":"https:\/\/www.opera-access.it\/es\/wp-json\/wp\/v2\/media?parent=10621"}],"wp:term":[{"taxonomy":"product_cat","embeddable":true,"href":"https:\/\/www.opera-access.it\/es\/wp-json\/wp\/v2\/product_cat?post=10621"},{"taxonomy":"product_tag","embeddable":true,"href":"https:\/\/www.opera-access.it\/es\/wp-json\/wp\/v2\/product_tag?post=10621"}],"curies":[{"name":"wp","href":"https:\/\/api.w.org\/{rel}","templated":true}]}}