{"id":10478,"date":"2025-06-18T09:46:51","date_gmt":"2025-06-18T09:46:51","guid":{"rendered":"https:\/\/www.opera-access.it\/?post_type=product&#038;p=10478"},"modified":"2025-06-19T13:04:22","modified_gmt":"2025-06-19T13:04:22","slug":"art-55641d-lector-de-tarjetas-magneticas-para-art-55642se","status":"publish","type":"product","link":"https:\/\/www.opera-access.it\/es\/product\/art-55641d-lector-de-tarjetas-magneticas-para-art-55642se\/","title":{"rendered":"Art. 55641D - Lector de tarjetas magn\u00e9ticas para art. 55642SE"},"content":{"rendered":"<p class=\"p1\">Cuerpo del lector en ABS negro. Placa frontal de aluminio anodizado plata [<strong>55641D<\/strong>].<\/p>\n<p>&nbsp;<\/p>","protected":false},"excerpt":{"rendered":"<p>Lector de tarjetas magn\u00e9ticas con LED rojo y verde que indican el estado de funcionamiento. V\u00eda de lectura: 2\u00aa y 3\u00aa ISO. Lectura de tarjetas: Bancomat, Visa, Carta S\u00ec, Mastercard, Bancoposta y American Express. Alimentaci\u00f3n desde la electr\u00f3nica de gesti\u00f3n v\u00eda serie RS-485.<\/p>","protected":false},"featured_media":10479,"template":"","meta":{"_acf_changed":false,"inline_featured_image":false},"product_cat":[71,32],"product_tag":[],"class_list":{"0":"post-10478","1":"product","2":"type-product","3":"status-publish","4":"has-post-thumbnail","6":"product_cat-aree-self-service-bancomat","7":"product_cat-serie-access","9":"first","10":"instock","11":"featured","12":"shipping-taxable","13":"product-type-simple"},"acf":[],"aioseo_notices":[],"_links":{"self":[{"href":"https:\/\/www.opera-access.it\/es\/wp-json\/wp\/v2\/product\/10478","targetHints":{"allow":["GET"]}}],"collection":[{"href":"https:\/\/www.opera-access.it\/es\/wp-json\/wp\/v2\/product"}],"about":[{"href":"https:\/\/www.opera-access.it\/es\/wp-json\/wp\/v2\/types\/product"}],"wp:featuredmedia":[{"embeddable":true,"href":"https:\/\/www.opera-access.it\/es\/wp-json\/wp\/v2\/media\/10479"}],"wp:attachment":[{"href":"https:\/\/www.opera-access.it\/es\/wp-json\/wp\/v2\/media?parent=10478"}],"wp:term":[{"taxonomy":"product_cat","embeddable":true,"href":"https:\/\/www.opera-access.it\/es\/wp-json\/wp\/v2\/product_cat?post=10478"},{"taxonomy":"product_tag","embeddable":true,"href":"https:\/\/www.opera-access.it\/es\/wp-json\/wp\/v2\/product_tag?post=10478"}],"curies":[{"name":"wp","href":"https:\/\/api.w.org\/{rel}","templated":true}]}}