{"id":10449,"date":"2025-06-17T09:45:27","date_gmt":"2025-06-17T09:45:27","guid":{"rendered":"https:\/\/www.opera-access.it\/?post_type=product&#038;p=10449"},"modified":"2025-09-10T15:02:00","modified_gmt":"2025-09-10T15:02:00","slug":"art-55642se-electronica-de-gestion-para-cajero-automatico-y-lector-de-tarjetas-de-credito","status":"publish","type":"product","link":"https:\/\/www.opera-access.it\/es\/product\/art-55642se-electronica-de-gestion-para-cajero-automatico-y-lector-de-tarjetas-de-credito\/","title":{"rendered":"Art. 55642SE - Electr\u00f3nica de gesti\u00f3n para cajero autom\u00e1tico y lector de tarjetas de cr\u00e9dito"},"content":{"rendered":"<p>Caja ABS gris [<strong>55642SE<\/strong>].<\/p>","protected":false},"excerpt":{"rendered":"<p>Electr\u00f3nica de gesti\u00f3n para cajero autom\u00e1tico y lector de tarjetas de cr\u00e9dito para zona de autoservicio. A petici\u00f3n, es posible especificar el c\u00f3digo ABI para la apertura utilizando s\u00f3lo la tarjeta del banco espec\u00edfico indicado.<\/p>","protected":false},"featured_media":10122,"template":"","meta":{"_acf_changed":false,"inline_featured_image":false},"product_cat":[71,32],"product_tag":[],"class_list":{"0":"post-10449","1":"product","2":"type-product","3":"status-publish","4":"has-post-thumbnail","6":"product_cat-aree-self-service-bancomat","7":"product_cat-serie-access","9":"first","10":"instock","11":"featured","12":"shipping-taxable","13":"product-type-simple"},"acf":[],"aioseo_notices":[],"_links":{"self":[{"href":"https:\/\/www.opera-access.it\/es\/wp-json\/wp\/v2\/product\/10449","targetHints":{"allow":["GET"]}}],"collection":[{"href":"https:\/\/www.opera-access.it\/es\/wp-json\/wp\/v2\/product"}],"about":[{"href":"https:\/\/www.opera-access.it\/es\/wp-json\/wp\/v2\/types\/product"}],"wp:featuredmedia":[{"embeddable":true,"href":"https:\/\/www.opera-access.it\/es\/wp-json\/wp\/v2\/media\/10122"}],"wp:attachment":[{"href":"https:\/\/www.opera-access.it\/es\/wp-json\/wp\/v2\/media?parent=10449"}],"wp:term":[{"taxonomy":"product_cat","embeddable":true,"href":"https:\/\/www.opera-access.it\/es\/wp-json\/wp\/v2\/product_cat?post=10449"},{"taxonomy":"product_tag","embeddable":true,"href":"https:\/\/www.opera-access.it\/es\/wp-json\/wp\/v2\/product_tag?post=10449"}],"curies":[{"name":"wp","href":"https:\/\/api.w.org\/{rel}","templated":true}]}}