{"id":10439,"date":"2025-06-16T13:47:45","date_gmt":"2025-06-16T13:47:45","guid":{"rendered":"https:\/\/www.opera-access.it\/?post_type=product&#038;p=10439"},"modified":"2025-09-10T14:59:59","modified_gmt":"2025-09-10T14:59:59","slug":"art-55640se-electronica-de-gestion-para-cajero-automatico-y-lector-de-tarjetas-de-credito-para-areas-de-autoservicio","status":"publish","type":"product","link":"https:\/\/www.opera-access.it\/es\/product\/art-55640se-electronica-de-gestion-para-cajero-automatico-y-lector-de-tarjetas-de-credito-para-areas-de-autoservicio\/","title":{"rendered":"Art. 55640SE - Electr\u00f3nica de gesti\u00f3n para cajero autom\u00e1tico y lector de tarjetas de cr\u00e9dito para \u00e1reas de autoservicio"},"content":{"rendered":"<p>Caja de ABS gris para montaje en carril DIN [<strong>55640SE<\/strong>].<\/p>","protected":false},"excerpt":{"rendered":"<p>Electr\u00f3nica de gesti\u00f3n para cajero autom\u00e1tico y lector de tarjetas de cr\u00e9dito para zona de autoservicio. A petici\u00f3n, es posible especificar el c\u00f3digo ABI para la apertura utilizando s\u00f3lo la tarjeta del banco espec\u00edfico indicado.<\/p>","protected":false},"featured_media":10440,"template":"","meta":{"_acf_changed":false,"inline_featured_image":false},"product_cat":[71,32],"product_tag":[180],"class_list":{"0":"post-10439","1":"product","2":"type-product","3":"status-publish","4":"has-post-thumbnail","6":"product_cat-aree-self-service-bancomat","7":"product_cat-serie-access","8":"product_tag-aree-self-service-bancomat","10":"first","11":"instock","12":"featured","13":"shipping-taxable","14":"product-type-simple"},"acf":[],"aioseo_notices":[],"_links":{"self":[{"href":"https:\/\/www.opera-access.it\/es\/wp-json\/wp\/v2\/product\/10439","targetHints":{"allow":["GET"]}}],"collection":[{"href":"https:\/\/www.opera-access.it\/es\/wp-json\/wp\/v2\/product"}],"about":[{"href":"https:\/\/www.opera-access.it\/es\/wp-json\/wp\/v2\/types\/product"}],"wp:featuredmedia":[{"embeddable":true,"href":"https:\/\/www.opera-access.it\/es\/wp-json\/wp\/v2\/media\/10440"}],"wp:attachment":[{"href":"https:\/\/www.opera-access.it\/es\/wp-json\/wp\/v2\/media?parent=10439"}],"wp:term":[{"taxonomy":"product_cat","embeddable":true,"href":"https:\/\/www.opera-access.it\/es\/wp-json\/wp\/v2\/product_cat?post=10439"},{"taxonomy":"product_tag","embeddable":true,"href":"https:\/\/www.opera-access.it\/es\/wp-json\/wp\/v2\/product_tag?post=10439"}],"curies":[{"name":"wp","href":"https:\/\/api.w.org\/{rel}","templated":true}]}}