{"id":10426,"date":"2025-06-16T12:52:25","date_gmt":"2025-06-16T12:52:25","guid":{"rendered":"https:\/\/www.opera-access.it\/?post_type=product&#038;p=10426"},"modified":"2025-11-17T09:09:54","modified_gmt":"2025-11-17T09:09:54","slug":"art-57701-57701gd-mirilla-digital-40","status":"publish","type":"product","link":"https:\/\/www.opera-access.it\/es\/product\/art-57701-57701gd-mirilla-digital-40\/","title":{"rendered":"Art. 57701 \/ 57701GD - Mirilla digital de 4,0\u2033."},"content":{"rendered":"<p>Cuerpo de ABS con base de metal plateado [<strong>57701<\/strong>] u oro [<strong>57701GD<\/strong>].<\/p>\n<p>&nbsp;<\/p>","protected":false},"excerpt":{"rendered":"<p>Mirillas i-vision con \u00e1ngulo de visi\u00f3n de 160\u00b0. La inserci\u00f3n de la mirilla electr\u00f3nica en la puerta de seguridad permite ver qui\u00e9n est\u00e1 fuera mediante una imagen en color ampliada sin ser visto. De este modo, con s\u00f3lo pulsar un bot\u00f3n, tambi\u00e9n se facilita la visi\u00f3n a los ni\u00f1os que, de otro modo, no alcanzar\u00edan la altura de la mirilla tradicional y a las personas con deficiencias visuales.<\/p>\n<p>Activaci\u00f3n mediante pulsador y desconexi\u00f3n autom\u00e1tica a los 10 segundos.<\/p>\n<p>El paquete incluye dos manguitos que permiten instalar la mirilla en puertas de 42 a 72 mm de grosor o en puertas de 65 a 95 mm de grosor. Para la aplicaci\u00f3n en puertas de 95 a 105 mm, adquiera el manguito \"art. 00577\". (ATENCI\u00d3N: este \u00faltimo debe adquirirse por separado, no se incluye en el paquete).<\/p>\n<p>N.B.: Para el montaje de la mirilla se requiere un orificio de \u00d8 15 mm de di\u00e1metro.<\/p>","protected":false},"featured_media":10412,"template":"","meta":{"_acf_changed":false,"inline_featured_image":false},"product_cat":[131,32],"product_tag":[],"class_list":{"0":"post-10426","1":"product","2":"type-product","3":"status-publish","4":"has-post-thumbnail","6":"product_cat-spioncini-elettronici","7":"product_cat-serie-access","9":"first","10":"instock","11":"featured","12":"shipping-taxable","13":"purchasable","14":"product-type-variable"},"acf":[],"aioseo_notices":[],"_links":{"self":[{"href":"https:\/\/www.opera-access.it\/es\/wp-json\/wp\/v2\/product\/10426","targetHints":{"allow":["GET"]}}],"collection":[{"href":"https:\/\/www.opera-access.it\/es\/wp-json\/wp\/v2\/product"}],"about":[{"href":"https:\/\/www.opera-access.it\/es\/wp-json\/wp\/v2\/types\/product"}],"wp:featuredmedia":[{"embeddable":true,"href":"https:\/\/www.opera-access.it\/es\/wp-json\/wp\/v2\/media\/10412"}],"wp:attachment":[{"href":"https:\/\/www.opera-access.it\/es\/wp-json\/wp\/v2\/media?parent=10426"}],"wp:term":[{"taxonomy":"product_cat","embeddable":true,"href":"https:\/\/www.opera-access.it\/es\/wp-json\/wp\/v2\/product_cat?post=10426"},{"taxonomy":"product_tag","embeddable":true,"href":"https:\/\/www.opera-access.it\/es\/wp-json\/wp\/v2\/product_tag?post=10426"}],"curies":[{"name":"wp","href":"https:\/\/api.w.org\/{rel}","templated":true}]}}