{"id":10052,"date":"2025-06-06T09:19:30","date_gmt":"2025-06-06T09:19:30","guid":{"rendered":"https:\/\/opera.krescendo.it\/?post_type=product&#038;p=10052"},"modified":"2025-06-06T09:53:09","modified_gmt":"2025-06-06T09:53:09","slug":"art-57532arf-57532abrf-sensor-radio-magnetico","status":"publish","type":"product","link":"https:\/\/www.opera-access.it\/es\/product\/art-57532arf-57532abrf-sensor-radio-magnetico\/","title":{"rendered":"Art. 57532ARF \/ 57532ABRF - Sensor radiomagn\u00e9tico"},"content":{"rendered":"<p>ABS caja marr\u00f3n [<strong>57532ARF<\/strong>] o blanco [<strong>57532ABRF<\/strong>]<\/p>\n<p>&nbsp;<\/p>","protected":false},"excerpt":{"rendered":"<p class=\"p1\">Sensor magn\u00e9tico de interior para la protecci\u00f3n de puertas y ventanas. El m\u00f3dulo transmisor, alojado en una carcasa de pl\u00e1stico, tiene un microinterruptor antiapertura y un bot\u00f3n de memoria de eventos.<\/p>\n<p class=\"p1\">","protected":false},"featured_media":10053,"template":"","meta":{"_acf_changed":false,"inline_featured_image":false},"product_cat":[173,33],"product_tag":[],"class_list":{"0":"post-10052","1":"product","2":"type-product","3":"status-publish","4":"has-post-thumbnail","6":"product_cat-sistemi-di-attivazione-corrente","7":"product_cat-doora","9":"first","10":"instock","11":"featured","12":"shipping-taxable","13":"purchasable","14":"product-type-variable"},"acf":[],"aioseo_notices":[],"_links":{"self":[{"href":"https:\/\/www.opera-access.it\/es\/wp-json\/wp\/v2\/product\/10052","targetHints":{"allow":["GET"]}}],"collection":[{"href":"https:\/\/www.opera-access.it\/es\/wp-json\/wp\/v2\/product"}],"about":[{"href":"https:\/\/www.opera-access.it\/es\/wp-json\/wp\/v2\/types\/product"}],"wp:featuredmedia":[{"embeddable":true,"href":"https:\/\/www.opera-access.it\/es\/wp-json\/wp\/v2\/media\/10053"}],"wp:attachment":[{"href":"https:\/\/www.opera-access.it\/es\/wp-json\/wp\/v2\/media?parent=10052"}],"wp:term":[{"taxonomy":"product_cat","embeddable":true,"href":"https:\/\/www.opera-access.it\/es\/wp-json\/wp\/v2\/product_cat?post=10052"},{"taxonomy":"product_tag","embeddable":true,"href":"https:\/\/www.opera-access.it\/es\/wp-json\/wp\/v2\/product_tag?post=10052"}],"curies":[{"name":"wp","href":"https:\/\/api.w.org\/{rel}","templated":true}]}}