{"id":1005,"date":"2025-06-25T10:46:50","date_gmt":"2025-06-25T10:46:50","guid":{"rendered":"https:\/\/opera.krescendo.it\/?post_type=product&#038;p=1005"},"modified":"2025-07-21T10:27:33","modified_gmt":"2025-07-21T10:27:33","slug":"electroiman-maxi","status":"publish","type":"product","link":"https:\/\/www.opera-access.it\/es\/product\/electroiman-maxi\/","title":{"rendered":"Art. 13000 \/ 13000N - Maxi electroim\u00e1n para puertas batientes - fuerza de tracci\u00f3n 600 kg"},"content":{"rendered":"<p>Cuerpo de aluminio anodizado, contraplaca con perno residual antimagnetismo. Versi\u00f3n para APLICAR. Disponible en dos colores: plata [<strong>13000<\/strong>] o negro [<strong>13000N<\/strong>].<\/p>","protected":false},"excerpt":{"rendered":"<p>Cerradura el\u00e9ctrica de seguridad con dispositivo electromagn\u00e9tico de retenci\u00f3n antip\u00e1nico (se desbloquea en ausencia de corriente). F\u00e1cil de instalar o reequipar en puertas existentes. No requiere mantenimiento ni ajuste de la puerta con el paso del tiempo. Sin desgaste mec\u00e1nico. Garantiza que la puerta est\u00e9 siempre cerrada. Funcionamiento silencioso. Apertura exterior mediante interruptor de llave, mando a distancia o control de acceso.<\/p>","protected":false},"featured_media":1671,"template":"","meta":{"_acf_changed":false,"inline_featured_image":false},"product_cat":[179,21],"product_tag":[144,145,141,142,143],"class_list":{"0":"post-1005","1":"product","2":"type-product","3":"status-publish","4":"has-post-thumbnail","6":"product_cat-elettromagneti-di-sicurezza","7":"product_cat-serie-safety","8":"product_tag-elettromagnete-porte-tagliafuoco","9":"product_tag-elettromagnete-di-chiusura","10":"product_tag-elettromagneti","11":"product_tag-elettromagnete-di-sicurezza","12":"product_tag-elettromagnete-uscite-di-sicurezza","14":"first","15":"instock","16":"featured","17":"shipping-taxable","18":"purchasable","19":"product-type-variable"},"acf":[],"aioseo_notices":[],"_links":{"self":[{"href":"https:\/\/www.opera-access.it\/es\/wp-json\/wp\/v2\/product\/1005","targetHints":{"allow":["GET"]}}],"collection":[{"href":"https:\/\/www.opera-access.it\/es\/wp-json\/wp\/v2\/product"}],"about":[{"href":"https:\/\/www.opera-access.it\/es\/wp-json\/wp\/v2\/types\/product"}],"wp:featuredmedia":[{"embeddable":true,"href":"https:\/\/www.opera-access.it\/es\/wp-json\/wp\/v2\/media\/1671"}],"wp:attachment":[{"href":"https:\/\/www.opera-access.it\/es\/wp-json\/wp\/v2\/media?parent=1005"}],"wp:term":[{"taxonomy":"product_cat","embeddable":true,"href":"https:\/\/www.opera-access.it\/es\/wp-json\/wp\/v2\/product_cat?post=1005"},{"taxonomy":"product_tag","embeddable":true,"href":"https:\/\/www.opera-access.it\/es\/wp-json\/wp\/v2\/product_tag?post=1005"}],"curies":[{"name":"wp","href":"https:\/\/api.w.org\/{rel}","templated":true}]}}